{"id":230,"date":"2023-07-26T23:12:55","date_gmt":"2023-07-26T23:12:55","guid":{"rendered":"http:\/\/dev241.stackcode.io\/dr-guillermo\/?p=230"},"modified":"2023-09-01T23:27:39","modified_gmt":"2023-09-01T23:27:39","slug":"servicios","status":"publish","type":"page","link":"https:\/\/www.drmaternofetal.com\/?page_id=230","title":{"rendered":"Servicios"},"content":{"rendered":"\t\t<div data-elementor-type=\"wp-page\" data-elementor-id=\"230\" class=\"elementor elementor-230\">\n\t\t\t\t\t\t<section class=\"elementor-section elementor-top-section elementor-element elementor-element-1ac5306 elementor-section-full_width elementor-section-height-default elementor-section-height-default wpr-particle-no wpr-jarallax-no wpr-parallax-no wpr-sticky-section-no\" data-id=\"1ac5306\" data-element_type=\"section\" data-settings=\"{&quot;background_background&quot;:&quot;classic&quot;}\">\n\t\t\t\t\t\t<div class=\"elementor-container elementor-column-gap-default\">\n\t\t\t\t\t<div class=\"elementor-column elementor-col-100 elementor-top-column elementor-element elementor-element-38111d1\" data-id=\"38111d1\" data-element_type=\"column\">\n\t\t\t<div class=\"elementor-widget-wrap elementor-element-populated\">\n\t\t\t\t\t\t<div class=\"elementor-element elementor-element-4e5c7d3 elementor-widget elementor-widget-html\" data-id=\"4e5c7d3\" data-element_type=\"widget\" data-widget_type=\"html.default\">\n\t\t\t\t<div class=\"elementor-widget-container\">\n\t\t\t<div class=\"container-div servicios-div h-55\">\r\n  <div class=\"bottom-left\" style=\"width: 100%;\">\r\n      <div class=\"container\">\r\n          <h1 style=\"color: white;\">SERVICIOS<\/h1>\r\n      <\/div>\r\n  <\/div>\r\n<\/div>\t\t<\/div>\n\t\t\t\t<\/div>\n\t\t\t\t\t<\/div>\n\t\t<\/div>\n\t\t\t\t\t<\/div>\n\t\t<\/section>\n\t\t\t\t<section class=\"elementor-section elementor-top-section elementor-element elementor-element-e13441b elementor-section-boxed elementor-section-height-default elementor-section-height-default wpr-particle-no wpr-jarallax-no wpr-parallax-no wpr-sticky-section-no\" data-id=\"e13441b\" data-element_type=\"section\">\n\t\t\t\t\t\t<div class=\"elementor-container elementor-column-gap-default\">\n\t\t\t\t\t<div class=\"elementor-column elementor-col-100 elementor-top-column elementor-element elementor-element-3782edf container\" data-id=\"3782edf\" data-element_type=\"column\">\n\t\t\t<div class=\"elementor-widget-wrap elementor-element-populated\">\n\t\t\t\t\t\t<div class=\"elementor-element elementor-element-8e2a183 elementor-widget elementor-widget-html\" data-id=\"8e2a183\" data-element_type=\"widget\" data-widget_type=\"html.default\">\n\t\t\t\t<div class=\"elementor-widget-container\">\n\t\t\t<div class=\"row\">\r\n\t<div class=\"col-12 col-md-6 col-lg-4 service-container\">\r\n\t\t<div class=\"p-3\">\r\n\t\t\t<div class=\"border service p-0\">\r\n\t\t\t\t<img decoding=\"async\" height=\"150px\" src=\"https:\/\/www.drmaternofetal.com\/wp-content\/uploads\/2023\/07\/servicio-1.webp\">\r\n\t\t\t\t<br><br>\r\n\t\t\t\t<div class=\"py-3 px-4\">\r\n\t\t\t\t\t<h4 style=\"font-weight: 700\" class=\"text-blue mb-4\">Control de Embarazo<\/h4>\r\n\t\t\t\t\t<ul class=\"text-left\">\r\n\t\t\t\t\t\t<li>Ultrasonido inicial de embarazo temprano<\/li>\r\n\t\t\t\t\t\t<li>Ultrasonido de primer trimestre gen\u00e9tico\/estructural<\/li>\r\n\t\t\t\t\t\t<li>Ultrasonido de segundo trimestre gen\u00e9tico\/estructural<\/li>\r\n\t\t\t\t\t\t<li>Ultrasonido crecimiento<\/li>\r\n\t\t\t\t\t\t<li>Ultrasonido 3D\/4D<\/li>\r\n\t\t\t\t\t\t<li>Ultrasonido Doppler<\/li>\r\n\t\t\t\t\t<\/ul>\r\n\t\t\t\t<\/div>\r\n\t\t\t<\/div>\r\n\t\t<\/div>\r\n\t<\/div>\r\n\t<div class=\"col-12 col-md-6 col-lg-4 service-container\">\r\n\t\t<div class=\"p-3\">\r\n\t\t\t<div class=\"border service p-0\">\r\n\t\t\t\t<img decoding=\"async\" height=\"150px\" src=\"https:\/\/www.drmaternofetal.com\/wp-content\/uploads\/2023\/07\/servicio-2.webp\">\r\n\t\t\t\t<br><br>\r\n\t\t\t\t<div class=\"py-3 px-4\">\r\n\t\t\t\t\t<h4 style=\"font-weight: 700\" class=\"text-blue mb-4\">Control prenatal Avanzado<\/h4>\r\n\t\t\t\t\t<span>\r\n\t\t\t\t\t\tAl ser ginec\u00f3logo obstetra con una subespecialidad en medicina materno fetal, puedo llevar controles\r\n\t\t\t\t\t\tprenatales de bajo y muy alto riesgo con la confianza que tu beb\u00e9 y t\u00fa est\u00e1n en las mejores manos.\r\n\t\t\t\t\t<\/span>\r\n\t\t\t\t<\/div>\r\n\t\t\t<\/div>\r\n\t\t<\/div>\r\n\t<\/div>\r\n\t<div class=\"col-12 col-md-6 col-lg-4 service-container\">\r\n\t\t<div class=\"p-3\">\r\n\t\t\t<div class=\"border service p-0\">\r\n\t\t\t\t<img decoding=\"async\" height=\"150px\" src=\"https:\/\/www.drmaternofetal.com\/wp-content\/uploads\/2023\/07\/servicio-3.webp\">\r\n\t\t\t\t<br><br>\r\n\t\t\t\t<div class=\"py-3 px-4\">\r\n\t\t\t\t\t<h4 style=\"font-weight: 700\" class=\"font-weight text-blue mb-4\">Embarazo Gemelar<\/h4>\r\n\t\t\t\t\t<span>\r\n\t\t\t\t\t\tPermite una evaluaci\u00f3n de los riesgos y la implementaci\u00f3n de estrateg\u00edas de vigilancia adecuadas, lo que\r\n\t\t\t\t\t\tpuede resultar crucial para la salud y el bienestar tanto de la madre como de los beb\u00e9s.\r\n\t\t\t\t\t<\/span>\r\n\t\t\t\t<\/div>\r\n\t\t\t<\/div>\r\n\t\t<\/div>\r\n\t<\/div>\r\n\t<div class=\"col-12 col-md-6 col-lg-4 service-container\">\r\n\t\t<div class=\"p-3\">\r\n\t\t\t<div class=\"border service p-0\">\r\n\t\t\t\t<img decoding=\"async\" height=\"150px\" src=\"https:\/\/www.drmaternofetal.com\/wp-content\/uploads\/2023\/07\/servicio-4.webp\">\r\n\t\t\t\t<br><br>\r\n\t\t\t\t<div class=\"py-3 px-4\">\r\n\t\t\t\t\t<h4 style=\"font-weight: 700\" class=\"text-blue mb-4\">Ecocardiografia Fetal<\/h4>\r\n\t\t\t\t\t<span>\r\n\t\t\t\t\t\tEvaluar la estructura y la funci\u00f3n del coraz\u00f3n, adecuado para investigar enfermedades del coraz\u00f3n del feto o en vida intrauterina\r\n\t\t\t\t\t<\/span>\r\n\t\t\t\t<\/div>\r\n\t\t\t<\/div>\r\n\t\t<\/div>\r\n\t<\/div>\r\n\t<div class=\"col-12 col-md-6 col-lg-4 service-container\">\r\n\t\t<div class=\"p-3\">\r\n\t\t\t<div class=\"border service p-0\">\r\n\t\t\t\t<img decoding=\"async\" height=\"150px\" src=\"https:\/\/www.drmaternofetal.com\/wp-content\/uploads\/2023\/07\/servicio-5.webp\">\r\n\t\t\t\t<br><br>\r\n\t\t\t\t<div class=\"py-3 px-4\">\r\n\t\t\t\t\t<h4 style=\"font-weight: 700\" class=\"text-blue mb-4\">Neurosonograf\u00eda <br> Fetal Avanzada<\/h4>\r\n\t\t\t\t\t<span>\r\n\t\t\t\t\t\tTiene como objetivo valorar con cortes avanzados el cerebro del beb\u00e9\r\n\t\t\t\t\t<\/span>\r\n\t\t\t\t<\/div>\r\n\t\t\t<\/div>\r\n\t\t<\/div>\r\n\t<\/div>\r\n\t<div class=\"col-12 col-md-6 col-lg-4 service-container\">\r\n\t\t<div class=\"p-3\">\r\n\t\t\t<div class=\"border service p-0\">\r\n\t\t\t\t<img decoding=\"async\" height=\"150px\" src=\"https:\/\/www.drmaternofetal.com\/wp-content\/uploads\/2023\/08\/03.jpg\">\r\n\t\t\t\t<br><br>\r\n\t\t\t\t<div class=\"py-4 px-4\">\r\n\t\t\t\t\t<h4 style=\"font-weight: 700\" class=\"text-blue mb-4\">Procedimientos invasivos<\/h4>\r\n\t\t\t\t\t<ul class=\"text-left\">\r\n\t\t\t\t\t\t<li>Amniocentesis<\/li>\r\n\t\t\t\t\t\t<li>Cordocentesis<\/li>\r\n\t\t\t\t\t<\/ul>\r\n\t\t\t\t<\/div>\r\n\t\t\t<\/div>\r\n\t\t<\/div>\r\n\t<\/div>\r\n\t<div class=\"col-12 col-md-6 col-lg-4 service-container\">\r\n\t\t<div class=\"p-3\">\r\n\t\t\t<div class=\"border service p-0\">\r\n\t\t\t\t<img decoding=\"async\" height=\"150px\" src=\"https:\/\/www.drmaternofetal.com\/wp-content\/uploads\/2023\/08\/01.jpg\">\r\n\t\t\t\t<br><br>\r\n\t\t\t\t<div class=\"py-3 px-4\">\r\n\t\t\t\t\t<h4 style=\"font-weight: 700\" class=\"text-blue mb-4\">Pruebas prenatales no invasivas de Paternidad<\/h4>\r\n\t\t\t\t\t<span>\r\n\t\t\t\t\t\tDetermina la paternidad del bebe a partir\r\n\t\t\t\t\t\tde semana 7 con el adn del bebe circulando\r\n\t\t\t\t\t\ten sangre materna.\r\n\t\t\t\t\t<\/span>\r\n\t\t\t\t<\/div>\r\n\t\t\t<\/div>\r\n\t\t<\/div>\r\n\t<\/div>\r\n\t<div class=\"col-12 col-md-6 col-lg-4 service-container\">\r\n\t\t<div class=\"p-3\">\r\n\t\t\t<div class=\"border service p-0\">\r\n\t\t\t\t<img decoding=\"async\" height=\"150px\" src=\"https:\/\/www.drmaternofetal.com\/wp-content\/uploads\/2023\/07\/servicio-8.webp\">\r\n\t\t\t\t<br><br>\r\n\t\t\t\t<div class=\"py-3 px-4\">\r\n\t\t\t\t\t<h4 style=\"font-weight: 700\" class=\"text-blue mb-4\">Atenci\u00f3n a parto <br> y ces\u00e1rea<\/h4>\r\n\t\t\t\t\t<span>\r\n\t\t\r\n\t\t\t\t\t<\/span>\r\n\t\t\t\t<\/div>\r\n\t\t\t<\/div>\r\n\t\t<\/div>\r\n\t<\/div>\r\n\t<div class=\"col-12 col-md-6 col-lg-4 service-container\">\r\n\t\t<div class=\"p-3\">\r\n\t\t\t<div class=\"border service p-0\">\r\n\t\t\t\t<img decoding=\"async\" height=\"150px\" src=\"https:\/\/www.drmaternofetal.com\/wp-content\/uploads\/2023\/08\/02.jpg\">\r\n\t\t\t\t<br><br>\r\n\t\t\t\t<div class=\"py-4 px-4\">\r\n\t\t\t\t\t<h4 style=\"font-weight: 700\" class=\"text-blue mb-4\">NIPTS (Pruebas\r\n\t\t\t\t\t\tprenatales no invasivas)<\/h4>\r\n\t\t\t\t\t<span>\r\n\t\t\t\t\t\tEstudio de toma de ADN fetal en sangre materna, en el que con tan solo 10 ml de sangre se puede saber\r\n\t\t\t\t\t\tcon un 99% de detecci\u00f3n si el beb\u00e9 es portador de S\u00edndrome de Edwards, Down o Pateau, esto, a partir de\r\n\t\t\t\t\t\tla semana 9.\r\n\t\t\t\t\t<\/span>\r\n\t\t\t\t<\/div>\r\n\t\t\t<\/div>\r\n\t\t<\/div>\r\n\t<\/div>\r\n\t<div class=\"col-12 col-md-6 col-lg-4 service-container\">\r\n\t\t<div class=\"p-3\">\r\n\t\t\t<div class=\"border service p-0\">\r\n\t\t\t\t<img decoding=\"async\" height=\"150px\" src=\"https:\/\/www.drmaternofetal.com\/wp-content\/uploads\/2023\/07\/servicio-9.webp\">\r\n\t\t\t\t<br><br>\r\n\t\t\t\t<div class=\"py-4 px-4\">\r\n\t\t\t\t\t<h4 style=\"font-weight: 700\" class=\"text-blue mb-4\">Servicios como <br> Ginec\u00f3logo Obstetra<\/h4>\r\n\t\t\t\t\t<ul class=\"text-left\">\r\n\t\t\t\t\t\t<li>Cirug\u00eda por miomatosis\/quistes<\/li>\r\n\t\t\t\t\t\t<li>Histerectom\u00edas<\/li>\r\n\t\t\t\t\t\t<li>Cirug\u00eda de m\u00ednima invaci\u00f3n<\/li>\r\n\t\t\t\t\t\t<li>Biopsias endometriales<\/li>\r\n\t\t\t\t\t\t<li>Legrados en atenci\u00f3n a sangrado\r\n\t\t\t\t\t\t\tuterino anormal<\/li>\r\n\t\t\t\t\t\t<li>Vacuna para vph<\/li>\r\n\t\t\t\t\t\t<li>Enfermedades de transmisi\u00f3n sexual<\/li>\r\n\t\t\t\t\t\t<li>Infecci\u00f3n en v\u00edas urinarias y vaginales<\/li>\r\n\t\t\t\t\t\t<li>Alteraciones menstruales<\/li>\r\n\t\t\t\t\t\t<li>M\u00e9todos de planificaci\u00f3n familiar<\/li>\r\n\t\t\t\t\t\t<li>Toma de papanicolaou<\/li>\r\n\t\t\t\t\t<\/ul>\r\n\t\t\t\t<\/div>\r\n\t\t\t<\/div>\r\n\t\t<\/div>\r\n\t<\/div>\r\n<\/div>\t\t<\/div>\n\t\t\t\t<\/div>\n\t\t\t\t\t<\/div>\n\t\t<\/div>\n\t\t\t\t\t<\/div>\n\t\t<\/section>\n\t\t\t\t<section class=\"elementor-section elementor-top-section elementor-element elementor-element-abf30c6 elementor-section-boxed elementor-section-height-default elementor-section-height-default wpr-particle-no wpr-jarallax-no wpr-parallax-no wpr-sticky-section-no\" data-id=\"abf30c6\" data-element_type=\"section\">\n\t\t\t\t\t\t<div class=\"elementor-container elementor-column-gap-default\">\n\t\t\t\t\t<div class=\"elementor-column elementor-col-100 elementor-top-column elementor-element elementor-element-f58273f\" data-id=\"f58273f\" data-element_type=\"column\">\n\t\t\t<div class=\"elementor-widget-wrap\">\n\t\t\t\t\t\t\t<\/div>\n\t\t<\/div>\n\t\t\t\t\t<\/div>\n\t\t<\/section>\n\t\t\t\t<section class=\"elementor-section elementor-top-section elementor-element elementor-element-f21a5ab elementor-section-full_width elementor-section-height-default elementor-section-height-default wpr-particle-no wpr-jarallax-no wpr-parallax-no wpr-sticky-section-no\" data-id=\"f21a5ab\" data-element_type=\"section\">\n\t\t\t\t\t\t<div class=\"elementor-container elementor-column-gap-default\">\n\t\t\t\t\t<div class=\"elementor-column elementor-col-100 elementor-top-column elementor-element elementor-element-1c01268\" data-id=\"1c01268\" data-element_type=\"column\">\n\t\t\t<div class=\"elementor-widget-wrap elementor-element-populated\">\n\t\t\t\t\t\t<div class=\"elementor-element elementor-element-c4d3985 elementor-widget elementor-widget-google_maps\" data-id=\"c4d3985\" data-element_type=\"widget\" data-widget_type=\"google_maps.default\">\n\t\t\t\t<div class=\"elementor-widget-container\">\n\t\t\t<style>\/*! elementor - v3.19.0 - 29-01-2024 *\/\n.elementor-widget-google_maps .elementor-widget-container{overflow:hidden}.elementor-widget-google_maps .elementor-custom-embed{line-height:0}.elementor-widget-google_maps iframe{height:300px}<\/style>\t\t<div class=\"elementor-custom-embed\">\n\t\t\t<iframe loading=\"lazy\"\n\t\t\t\t\tsrc=\"https:\/\/maps.google.com\/maps?q=MediMAC%20Boca%20del%20R%C3%ADo&#038;t=m&#038;z=17&#038;output=embed&#038;iwloc=near\"\n\t\t\t\t\ttitle=\"MediMAC Boca del R\u00edo\"\n\t\t\t\t\taria-label=\"MediMAC Boca del R\u00edo\"\n\t\t\t><\/iframe>\n\t\t<\/div>\n\t\t\t\t<\/div>\n\t\t\t\t<\/div>\n\t\t\t\t\t<\/div>\n\t\t<\/div>\n\t\t\t\t\t<\/div>\n\t\t<\/section>\n\t\t\t\t<\/div>\n\t\t","protected":false},"excerpt":{"rendered":"<p>SERVICIOS Control de Embarazo Ultrasonido inicial de embarazo temprano Ultrasonido de primer trimestre gen\u00e9tico\/estructural Ultrasonido de segundo trimestre gen\u00e9tico\/estructural Ultrasonido crecimiento Ultrasonido 3D\/4D Ultrasonido Doppler Control prenatal Avanzado Al ser ginec\u00f3logo obstetra con una subespecialidad en medicina materno fetal, puedo llevar controles prenatales de bajo y muy alto riesgo con la confianza que tu beb\u00e9&hellip; <a class=\"more-link\" href=\"https:\/\/www.drmaternofetal.com\/?page_id=230\">Seguir leyendo <span class=\"screen-reader-text\">Servicios<\/span><\/a><\/p>\n","protected":false},"author":1,"featured_media":0,"parent":0,"menu_order":0,"comment_status":"closed","ping_status":"closed","template":"elementor_header_footer","meta":{"_joinchat":[],"footnotes":""},"class_list":["post-230","page","type-page","status-publish","hentry","entry"],"_links":{"self":[{"href":"https:\/\/www.drmaternofetal.com\/index.php?rest_route=\/wp\/v2\/pages\/230","targetHints":{"allow":["GET"]}}],"collection":[{"href":"https:\/\/www.drmaternofetal.com\/index.php?rest_route=\/wp\/v2\/pages"}],"about":[{"href":"https:\/\/www.drmaternofetal.com\/index.php?rest_route=\/wp\/v2\/types\/page"}],"author":[{"embeddable":true,"href":"https:\/\/www.drmaternofetal.com\/index.php?rest_route=\/wp\/v2\/users\/1"}],"replies":[{"embeddable":true,"href":"https:\/\/www.drmaternofetal.com\/index.php?rest_route=%2Fwp%2Fv2%2Fcomments&post=230"}],"version-history":[{"count":112,"href":"https:\/\/www.drmaternofetal.com\/index.php?rest_route=\/wp\/v2\/pages\/230\/revisions"}],"predecessor-version":[{"id":846,"href":"https:\/\/www.drmaternofetal.com\/index.php?rest_route=\/wp\/v2\/pages\/230\/revisions\/846"}],"wp:attachment":[{"href":"https:\/\/www.drmaternofetal.com\/index.php?rest_route=%2Fwp%2Fv2%2Fmedia&parent=230"}],"curies":[{"name":"wp","href":"https:\/\/api.w.org\/{rel}","templated":true}]}}